{"id":95604,"date":"2024-10-10T07:54:17","date_gmt":"2024-10-10T07:54:17","guid":{"rendered":"https:\/\/www.metaflotech.com\/?page_id=95604"},"modified":"2026-03-12T13:10:15","modified_gmt":"2026-03-12T13:10:15","slug":"remtech","status":"publish","type":"page","link":"https:\/\/www.metaflotech.com\/pt\/products\/biopolymers\/remtech\/","title":{"rendered":"RemTech Contaminated Water Treatment for Metals and Hydrocarbons"},"content":{"rendered":"<img decoding=\"async\" src=\"https:\/\/www.metaflotech.com\/wp-content\/uploads\/2025\/07\/Dark.svg\" alt=\"Escuro\" itemprop=\"image\" height=\"100\" width=\"100\" title=\"Escuro\" onerror=\"this.style.display='none'\" loading='lazy' \/>\r\n\t<h1><strong>Biopol\u00edmero<\/strong><\/h1>\r\n<h1>Solu\u00e7\u00e3o avan\u00e7ada e bioamig\u00e1vel para \u00e1gua contaminada<\/h1>\r\n\t<h3><strong>APLICA\u00c7\u00d5ES<\/strong><\/h3>\r\n\t\t\t <p>Minera\u00e7\u00e3o<\/p>\t\t\r\n\t\t\t <p>Petr\u00f3leo e g\u00e1s (Fracking)<\/p>\t\t\r\n\t\t\t <p>Lamas e res\u00edduos contaminados<\/p>\t\t\r\n\t<h3><strong>Benef\u00edcios<\/strong><\/h3>\r\n\t\t\t <p>Agente oxidante alcalino de f\u00e1cil aplica\u00e7\u00e3o, n\u00e3o requer equipamento adicional.<\/p>\t\t\r\n\t\t\t <p>Ecologicamente correto: elimina contaminantes e permite o reuso da \u00e1gua.<\/p>\t\t\r\n\t\t\t <p>N\u00e3o gera subprodutos t\u00f3xicos ao meio ambiente.<\/p>\t\t\r\n\t\t\t <p>Degrada \u00f3leos e graxas presentes na \u00e1gua.<\/p>\t\t\r\n\t\t\t <p>Precipita metais presentes na \u00e1gua.<\/p>\t\t\r\n\t\t\t\t<img decoding=\"async\" src=\"https:\/\/www.metaflotech.com\/wp-content\/uploads\/2024\/10\/Biopolymer-Hero-3.png\" alt=\"Biopol\u00edmero Hero 3\" itemprop=\"image\" height=\"447\" width=\"1162\" onerror=\"this.style.display='none'\" loading='lazy' \/>\r\n\t<h3>&#8220;<strong>Solu\u00e7\u00e3o de cobre com concentra\u00e7\u00e3o de 4% <\/strong>&#8211; before and after RemTech application.&#8221;<\/h3>\r\n<h3>&#8220;<strong>O RemTech permite a elimina\u00e7\u00e3o simult\u00e2nea de diferentes metais pesados, <\/strong>offering the opportunity to reuse water in the industrial process.&#8221;<\/h3>\r\n\t<h2><strong>Um aditivo para \u00e1gua contaminada, fraturamento hidr\u00e1ulico, chorume de aterros sanit\u00e1rios, lagoas, lagos e cursos d'\u00e1gua.<\/strong><\/h2>\r\n<p>Esta tecnologia avan\u00e7ada \u00e9 ideal para ind\u00fastrias que buscam solu\u00e7\u00f5es eficazes e ambientalmente respons\u00e1veis \u200b\u200bpara l\u00edquidos contaminados.<\/p>\r\n<p>For produced water, RemTech at low dosages is able to act at hydrocarbons and metals simultaneously. RemTech&#8217;s chemistry can also be used effectively in any contaminated liquid, whether from mining, oil and gas, or manufacturing.<\/p>\r\n\t\t\t\t<img decoding=\"async\" src=\"https:\/\/www.metaflotech.com\/wp-content\/uploads\/2024\/12\/Fracking-before-and-after-remediation-with-MetaFLO-RemTech.png\" alt=\"Remedia\u00e7\u00e3o de Fracking\" itemprop=\"image\" height=\"702\" width=\"728\" onerror=\"this.style.display='none'\" loading='lazy' \/>\r\n\t<h1><strong>Benef\u00edcios do RemTech<\/strong><\/h1>\r\n\t<h4>Comparado a outros agentes alcalinos, <strong>o RemTech tem a\u00e7\u00e3o r\u00e1pida,<\/strong> n\u00e3o gera res\u00edduos que precisam ser tratados e n\u00e3o desgasta os equipamentos do processo.<\/h4>\r\n\t<h4>Testes demonstraram que o RemTech \u00e9 altamente eficaz na remo\u00e7\u00e3o <strong>de compostos BTEX (benzeno, tolueno, etilbenzeno e xilenos) e hidrocarbonetos alif\u00e1ticos e arom\u00e1ticos.<\/strong><\/h4>\r\n\t<h4><strong>F\u00e1cil de usar.<\/strong><\/h4>\r\n\t<h4><strong>Versatile application &#8211; different types of hydrocarbons.<\/strong><\/h4>\r\n\t<h4><strong>Seguran\u00e7a e Sustentabilidade.<\/strong><\/h4>\r\n\t<h4><strong>Nenhuma gera\u00e7\u00e3o de res\u00edduos, permitindo em alguns casos a produ\u00e7\u00e3o de parafinas e outros componentes inertes.<\/strong><\/h4>\r\n\t<h2><strong>O processo de tratamento \u00e9 r\u00e1pido e f\u00e1cil de realizar e pode ser feito na pr\u00f3pria plataforma.<\/strong><\/h2>\r\n\t<h2><strong>Como o RemTech deve ser usado no tratamento de \u00e1gua contaminada?<\/strong><\/h2>\r\n<p>O RemTech deve ser usado como um aditivo simples, adicionado ao processo existente. Pode ser dosado diretamente na \u00e1gua, pois tem alta solubilidade.<\/p>\r\n<p>&nbsp;<\/p>\r\n<h2><strong>Quanto preciso usar?<\/strong><\/h2>\r\n<p>A dosagem para RemTech depende dos tipos de contaminantes existentes (hidrocarbonetos mais complexos e de alto peso molecular) e da concentra\u00e7\u00e3o dos contaminantes. No entanto, em geral, dosagens baixas s\u00e3o suficientes para o tratamento, com apenas 250 ppm sendo eficazes.<\/p>\r\n<h2>\r\n\t\t\tEstudos de caso\t<\/h2>\r\n<h3>\r\n\t\t<a href=\"https:\/\/www.metaflotech.com\/wp-content\/uploads\/2025\/07\/RemTech-Case-Study-1-English-MetaFLO-Technologies.pdf\" title=\"RemTech trata metais pesados \u200b\u200bsimultaneamente para efluentes de lixivia\u00e7\u00e3o de ouro\"  target=\"_self\">\r\n\t\t\tRemTech trata metais pesados \u200b\u200bsimultaneamente para efluentes de lixivia\u00e7\u00e3o de ouro\t\t<\/a>\r\n\t<\/h3>\r\n\t<p>O biopol\u00edmero da MetaFLO proporciona uma remedia\u00e7\u00e3o avan\u00e7ada e bioamig\u00e1vel de \u00e1gua contaminada, como efluentes, ajudando as empresas a economizar custos, aumentar a produtividade e proteger o meio ambiente.<\/p>\r\n<h3>\r\n\t\t<a href=\"https:\/\/www.metaflotech.com\/wp-content\/uploads\/2025\/07\/RemTech-Case-Study-2-English-MetaFLO-Technologies-1.pdf\" title=\"RemTech trata hidrocarbonetos para efluentes industriais de petr\u00f3leo\"  target=\"_self\">\r\n\t\t\tRemTech trata hidrocarbonetos para efluentes industriais de petr\u00f3leo\t\t<\/a>\r\n\t<\/h3>\r\n\t<p>O estudo da MetaFLO revela uma economia de custos inigual\u00e1vel, ganhos de produtividade e benef\u00edcios ambientais para o tratamento de hidrocarbonetos em um efluente.<\/p>\r\n\t<h1><strong>Nossos biopol\u00edmeros<\/strong><\/h1>\r\n<p>MetaFLO&#8217;s biopolymers have been purposefully engineered to provide a variety of cost-effective solutions for multiple applications, from dust suppression to gold extraction. Our products are environmentally safe, easy to use, and can be tailored to meet specific needs. Contact us for more details.<\/p>\r\n\t\t\t\t<a href=\"https:\/\/www.metaflotech.com\/pt\/produtos\/biopolimeros\/soiltech\/\"  target=\"_self\" itemprop=\"url\">\r\n\t\t\t\t<img decoding=\"async\" src=\"https:\/\/www.metaflotech.com\/wp-content\/uploads\/2025\/07\/Logo-3.svg\" alt=\"Logotipo\" itemprop=\"image\" height=\"100\" width=\"100\" title=\"Logotipo\" onerror=\"this.style.display='none'\" loading='lazy' \/>\r\n\t\t\t\t<\/a>\r\n\t<p><strong>Estabiliza\u00e7\u00e3o do solo<\/strong><\/p>\r\n\t\t\t\t<a href=\"https:\/\/www.metaflotech.com\/pt\/produtos\/biopolimeros\/dustech\/\"  target=\"_self\" itemprop=\"url\">\r\n\t\t\t\t<img decoding=\"async\" src=\"https:\/\/www.metaflotech.com\/wp-content\/uploads\/2025\/07\/Logo-5.svg\" alt=\"Logotipo\" itemprop=\"image\" height=\"100\" width=\"100\" title=\"Logotipo\" onerror=\"this.style.display='none'\" loading='lazy' \/>\r\n\t\t\t\t<\/a>\r\n\t<p><strong>Supress\u00e3o de poeira<\/strong><\/p>\r\n\t\t\t\t<a href=\"https:\/\/www.metaflotech.com\/pt\/produtos\/biopolimeros\/tecnologia-de-extracao\/\"  target=\"_self\" itemprop=\"url\">\r\n\t\t\t\t<img decoding=\"async\" src=\"https:\/\/www.metaflotech.com\/wp-content\/uploads\/2025\/07\/Logo-4.svg\" alt=\"Logotipo\" itemprop=\"image\" height=\"100\" width=\"100\" title=\"Logotipo\" onerror=\"this.style.display='none'\" loading='lazy' \/>\r\n\t\t\t\t<\/a>\r\n\t<strong>Extra\u00e7\u00e3o de ouro e redu\u00e7\u00e3o de cianeto<br \/>\r\n<\/strong>\r\n\t\t\t\t<a href=\"https:\/\/www.metaflotech.com\/pt\/produtos\/biopolimeros\/remtech\/\"  target=\"_self\" itemprop=\"url\">\r\n\t\t\t\t<img decoding=\"async\" src=\"https:\/\/www.metaflotech.com\/wp-content\/uploads\/2025\/07\/Logo.svg\" alt=\"Logotipo\" itemprop=\"image\" height=\"100\" width=\"100\" title=\"Logotipo\" onerror=\"this.style.display='none'\" loading='lazy' \/>\r\n\t\t\t\t<\/a>\r\n\t<p><strong>\u00c1gua contaminada<\/strong><\/p>\r\n\t\t\t\t<a href=\"https:\/\/www.metaflotech.com\/pt\/produtos\/biopolimeros\/tecnologia-de-cimento\/\"  target=\"_self\" itemprop=\"url\">\r\n\t\t\t\t<img decoding=\"async\" src=\"https:\/\/www.metaflotech.com\/wp-content\/uploads\/2025\/07\/Logo-8.svg\" alt=\"Logotipo\" itemprop=\"image\" height=\"100\" width=\"100\" title=\"Logotipo\" onerror=\"this.style.display='none'\" loading='lazy' \/>\r\n\t\t\t\t<\/a>\r\n\t<p><strong>Aprimoramento do cimento<\/strong><\/p>","protected":false},"excerpt":{"rendered":"<p>Biopolymer Advanced Bio-Friendly Solution for Contaminated Water Application Mining Oil &amp; Gas (Fracking) Contaminated Slurries and Sludges Benefits Easy to apply alkaline oxidizing agent, does not require additional equipment. Environmentally friendly: eliminates contaminants and allows water reuse. Does not generate toxic byproducts to the environment. Degradates oils and greases present in water. Precipitates metals present&hellip;<\/p>","protected":false},"author":1,"featured_media":0,"parent":108180,"menu_order":0,"comment_status":"closed","ping_status":"closed","template":"","meta":{"_acf_changed":false,"inline_featured_image":false,"footnotes":""},"class_list":["post-95604","page","type-page","status-publish","hentry"],"acf":[],"yoast_head":"<!-- This site is optimized with the Yoast SEO plugin v27.5 - https:\/\/yoast.com\/product\/yoast-seo-wordpress\/ -->\n<title>RemTech Contaminated Water Treatment for Metals and Hydrocarbons | MetaFLO Technologies<\/title>\n<meta name=\"description\" content=\"RemTech is an advanced biopolymer for contaminated water treatment, removing heavy metals and hydrocarbons while improving environmental compliance and water reuse.\" \/>\n<meta name=\"robots\" content=\"index, follow, max-snippet:-1, max-image-preview:large, max-video-preview:-1\" \/>\n<link rel=\"canonical\" href=\"https:\/\/www.metaflotech.com\/pt\/produtos\/biopolimeros\/remtech\/\" \/>\n<meta property=\"og:locale\" content=\"pt_BR\" \/>\n<meta property=\"og:type\" content=\"article\" \/>\n<meta property=\"og:title\" content=\"RemTech Contaminated Water Treatment for Metals and Hydrocarbons | MetaFLO Technologies\" \/>\n<meta property=\"og:description\" content=\"RemTech is an advanced biopolymer for contaminated water treatment, removing heavy metals and hydrocarbons while improving environmental compliance and water reuse.\" \/>\n<meta property=\"og:url\" content=\"https:\/\/www.metaflotech.com\/pt\/produtos\/biopolimeros\/remtech\/\" \/>\n<meta property=\"og:site_name\" content=\"MetaFLO Technologies\" \/>\n<meta property=\"article:publisher\" content=\"https:\/\/www.facebook.com\/MetaFLOTechnologies\/\" \/>\n<meta property=\"article:modified_time\" content=\"2026-03-12T13:10:15+00:00\" \/>\n<meta property=\"og:image\" content=\"https:\/\/www.metaflotech.com\/wp-content\/uploads\/2025\/07\/Dark.svg\" \/>\n<meta name=\"twitter:card\" content=\"summary_large_image\" \/>\n<meta name=\"twitter:site\" content=\"@metaflo\" \/>\n<meta name=\"twitter:label1\" content=\"Est. tempo de leitura\" \/>\n\t<meta name=\"twitter:data1\" content=\"4 minutos\" \/>\n<script type=\"application\/ld+json\" class=\"yoast-schema-graph\">{\"@context\":\"https:\\\/\\\/schema.org\",\"@graph\":[{\"@type\":\"WebPage\",\"@id\":\"https:\\\/\\\/www.metaflotech.com\\\/pt\\\/products\\\/biopolymers\\\/remtech\\\/\",\"url\":\"https:\\\/\\\/www.metaflotech.com\\\/pt\\\/products\\\/biopolymers\\\/remtech\\\/\",\"name\":\"RemTech Contaminated Water Treatment for Metals and Hydrocarbons | MetaFLO Technologies\",\"isPartOf\":{\"@id\":\"https:\\\/\\\/www.metaflotech.com\\\/pt\\\/#website\"},\"primaryImageOfPage\":{\"@id\":\"https:\\\/\\\/www.metaflotech.com\\\/pt\\\/products\\\/biopolymers\\\/remtech\\\/#primaryimage\"},\"image\":{\"@id\":\"https:\\\/\\\/www.metaflotech.com\\\/pt\\\/products\\\/biopolymers\\\/remtech\\\/#primaryimage\"},\"thumbnailUrl\":\"https:\\\/\\\/www.metaflotech.com\\\/wp-content\\\/uploads\\\/2025\\\/07\\\/Dark.svg\",\"datePublished\":\"2024-10-10T07:54:17+00:00\",\"dateModified\":\"2026-03-12T13:10:15+00:00\",\"description\":\"RemTech is an advanced biopolymer for contaminated water treatment, removing heavy metals and hydrocarbons while improving environmental compliance and water reuse.\",\"breadcrumb\":{\"@id\":\"https:\\\/\\\/www.metaflotech.com\\\/pt\\\/products\\\/biopolymers\\\/remtech\\\/#breadcrumb\"},\"inLanguage\":\"pt-BR\",\"potentialAction\":[{\"@type\":\"ReadAction\",\"target\":[\"https:\\\/\\\/www.metaflotech.com\\\/pt\\\/products\\\/biopolymers\\\/remtech\\\/\"]}]},{\"@type\":\"ImageObject\",\"inLanguage\":\"pt-BR\",\"@id\":\"https:\\\/\\\/www.metaflotech.com\\\/pt\\\/products\\\/biopolymers\\\/remtech\\\/#primaryimage\",\"url\":\"https:\\\/\\\/www.metaflotech.com\\\/wp-content\\\/uploads\\\/2025\\\/07\\\/Dark.svg\",\"contentUrl\":\"https:\\\/\\\/www.metaflotech.com\\\/wp-content\\\/uploads\\\/2025\\\/07\\\/Dark.svg\"},{\"@type\":\"BreadcrumbList\",\"@id\":\"https:\\\/\\\/www.metaflotech.com\\\/pt\\\/products\\\/biopolymers\\\/remtech\\\/#breadcrumb\",\"itemListElement\":[{\"@type\":\"ListItem\",\"position\":1,\"name\":\"Home\",\"item\":\"https:\\\/\\\/www.metaflotech.com\\\/\"},{\"@type\":\"ListItem\",\"position\":2,\"name\":\"Products\",\"item\":\"https:\\\/\\\/www.metaflotech.com\\\/products\\\/\"},{\"@type\":\"ListItem\",\"position\":3,\"name\":\"Biopolymers (Tech)\",\"item\":\"https:\\\/\\\/www.metaflotech.com\\\/products\\\/biopolymers\\\/\"},{\"@type\":\"ListItem\",\"position\":4,\"name\":\"RemTech Contaminated Water Treatment for Metals and Hydrocarbons\"}]},{\"@type\":\"WebSite\",\"@id\":\"https:\\\/\\\/www.metaflotech.com\\\/pt\\\/#website\",\"url\":\"https:\\\/\\\/www.metaflotech.com\\\/pt\\\/\",\"name\":\"MetaFLO Technologies\",\"description\":\"Engineered Polymer Solutions For Industrial Applications\",\"potentialAction\":[{\"@type\":\"SearchAction\",\"target\":{\"@type\":\"EntryPoint\",\"urlTemplate\":\"https:\\\/\\\/www.metaflotech.com\\\/pt\\\/?s={search_term_string}\"},\"query-input\":{\"@type\":\"PropertyValueSpecification\",\"valueRequired\":true,\"valueName\":\"search_term_string\"}}],\"inLanguage\":\"pt-BR\"}]}<\/script>\n<!-- \/ Yoast SEO plugin. -->","yoast_head_json":{"title":"Biopol\u00edmero para Tratamento de \u00c1gua Contaminada | MetaFLO","description":"RemTech \u00e9 um biopol\u00edmero para tratamento de \u00e1gua contaminada, removendo metais pesados e hidrocarbonetos e favorecendo o reuso de \u00e1gua com maior seguran\u00e7a ambiental.","robots":{"index":"index","follow":"follow","max-snippet":"max-snippet:-1","max-image-preview":"max-image-preview:large","max-video-preview":"max-video-preview:-1"},"canonical":"https:\/\/www.metaflotech.com\/pt\/produtos\/biopolimeros\/remtech\/","og_locale":"pt_BR","og_type":"article","og_title":"RemTech Contaminated Water Treatment for Metals and Hydrocarbons | MetaFLO Technologies","og_description":"RemTech is an advanced biopolymer for contaminated water treatment, removing heavy metals and hydrocarbons while improving environmental compliance and water reuse.","og_url":"https:\/\/www.metaflotech.com\/pt\/produtos\/biopolimeros\/remtech\/","og_site_name":"MetaFLO Technologies","article_publisher":"https:\/\/www.facebook.com\/MetaFLOTechnologies\/","article_modified_time":"2026-03-12T13:10:15+00:00","og_image":[{"url":"https:\/\/www.metaflotech.com\/wp-content\/uploads\/2025\/07\/Dark.svg","type":"","width":"","height":""}],"twitter_card":"summary_large_image","twitter_site":"@metaflo","twitter_misc":{"Est. tempo de leitura":"4 minutos"},"schema":{"@context":"https:\/\/schema.org","@graph":[{"@type":"WebPage","@id":"https:\/\/www.metaflotech.com\/pt\/products\/biopolymers\/remtech\/","url":"https:\/\/www.metaflotech.com\/pt\/products\/biopolymers\/remtech\/","name":"Biopol\u00edmero para Tratamento de \u00c1gua Contaminada | MetaFLO","isPartOf":{"@id":"https:\/\/www.metaflotech.com\/pt\/#website"},"primaryImageOfPage":{"@id":"https:\/\/www.metaflotech.com\/pt\/products\/biopolymers\/remtech\/#primaryimage"},"image":{"@id":"https:\/\/www.metaflotech.com\/pt\/products\/biopolymers\/remtech\/#primaryimage"},"thumbnailUrl":"https:\/\/www.metaflotech.com\/wp-content\/uploads\/2025\/07\/Dark.svg","datePublished":"2024-10-10T07:54:17+00:00","dateModified":"2026-03-12T13:10:15+00:00","description":"RemTech \u00e9 um biopol\u00edmero para tratamento de \u00e1gua contaminada, removendo metais pesados e hidrocarbonetos e favorecendo o reuso de \u00e1gua com maior seguran\u00e7a ambiental.","breadcrumb":{"@id":"https:\/\/www.metaflotech.com\/pt\/products\/biopolymers\/remtech\/#breadcrumb"},"inLanguage":"pt-BR","potentialAction":[{"@type":"ReadAction","target":["https:\/\/www.metaflotech.com\/pt\/products\/biopolymers\/remtech\/"]}]},{"@type":"ImageObject","inLanguage":"pt-BR","@id":"https:\/\/www.metaflotech.com\/pt\/products\/biopolymers\/remtech\/#primaryimage","url":"https:\/\/www.metaflotech.com\/wp-content\/uploads\/2025\/07\/Dark.svg","contentUrl":"https:\/\/www.metaflotech.com\/wp-content\/uploads\/2025\/07\/Dark.svg"},{"@type":"BreadcrumbList","@id":"https:\/\/www.metaflotech.com\/pt\/products\/biopolymers\/remtech\/#breadcrumb","itemListElement":[{"@type":"ListItem","position":1,"name":"Home","item":"https:\/\/www.metaflotech.com\/"},{"@type":"ListItem","position":2,"name":"Products","item":"https:\/\/www.metaflotech.com\/products\/"},{"@type":"ListItem","position":3,"name":"Biopolymers (Tech)","item":"https:\/\/www.metaflotech.com\/products\/biopolymers\/"},{"@type":"ListItem","position":4,"name":"RemTech Contaminated Water Treatment for Metals and Hydrocarbons"}]},{"@type":"WebSite","@id":"https:\/\/www.metaflotech.com\/pt\/#website","url":"https:\/\/www.metaflotech.com\/pt\/","name":"MetaFLO Technologies","description":"Solu\u00e7\u00f5es de pol\u00edmeros projetadas para aplica\u00e7\u00f5es industriais","potentialAction":[{"@type":"SearchAction","target":{"@type":"EntryPoint","urlTemplate":"https:\/\/www.metaflotech.com\/pt\/?s={search_term_string}"},"query-input":{"@type":"PropertyValueSpecification","valueRequired":true,"valueName":"search_term_string"}}],"inLanguage":"pt-BR"}]}},"_links":{"self":[{"href":"https:\/\/www.metaflotech.com\/pt\/wp-json\/wp\/v2\/pages\/95604","targetHints":{"allow":["GET"]}}],"collection":[{"href":"https:\/\/www.metaflotech.com\/pt\/wp-json\/wp\/v2\/pages"}],"about":[{"href":"https:\/\/www.metaflotech.com\/pt\/wp-json\/wp\/v2\/types\/page"}],"author":[{"embeddable":true,"href":"https:\/\/www.metaflotech.com\/pt\/wp-json\/wp\/v2\/users\/1"}],"replies":[{"embeddable":true,"href":"https:\/\/www.metaflotech.com\/pt\/wp-json\/wp\/v2\/comments?post=95604"}],"version-history":[{"count":0,"href":"https:\/\/www.metaflotech.com\/pt\/wp-json\/wp\/v2\/pages\/95604\/revisions"}],"up":[{"embeddable":true,"href":"https:\/\/www.metaflotech.com\/pt\/wp-json\/wp\/v2\/pages\/108180"}],"wp:attachment":[{"href":"https:\/\/www.metaflotech.com\/pt\/wp-json\/wp\/v2\/media?parent=95604"}],"curies":[{"name":"wp","href":"https:\/\/api.w.org\/{rel}","templated":true}]}}