{"id":95711,"date":"2024-10-10T08:18:09","date_gmt":"2024-10-10T08:18:09","guid":{"rendered":"https:\/\/www.metaflotech.com\/?page_id=95711"},"modified":"2026-03-12T13:08:00","modified_gmt":"2026-03-12T13:08:00","slug":"dustech","status":"publish","type":"page","link":"https:\/\/www.metaflotech.com\/pt\/products\/biopolymers\/dustech\/","title":{"rendered":"DusTech Dust Control Biopolymer for Unpaved and Haul Roads"},"content":{"rendered":"<img decoding=\"async\" src=\"https:\/\/www.metaflotech.com\/wp-content\/uploads\/2025\/07\/Dark-5.svg\" alt=\"Escuro\" itemprop=\"image\" height=\"100\" width=\"100\" title=\"Escuro\" onerror=\"this.style.display='none'\" loading=\"lazy\" \/>\r\n\t<h1><strong>Biopol\u00edmero<\/strong><\/h1>\r\n<h1>usado para supress\u00e3o eficaz de poeira<\/h1>\r\n\t<h3><strong>APLICA\u00c7\u00d5ES<\/strong><\/h3>\r\n\t\t\t <p>Estradas de terra<\/p>\u00a0\t\t\r\n\t\t\t <p>Estradas de acesso \u00e0 mina<\/p>\u00a0\t\t\r\n\t\t\t <p>Colinas arenosas<\/p>\u00a0\t\t\r\n\t\t\t <p>Estoques de material<\/p>\u00a0\t\t\r\n\t<h3><strong>Benef\u00edcios<\/strong><\/h3>\r\n\t\t\t <p>Melhore a qualidade do ar reduzindo significativamente a poeira transportada pelo ar.<\/p>\t\t\r\n\t\t\t <p>Aumente a seguran\u00e7a nas estradas com maior visibilidade do tr\u00e2nsito.<\/p>\t\t\r\n\t\t\t <p>Minimiza o uso de \u00e1gua, usando muito menos em compara\u00e7\u00e3o aos m\u00e9todos tradicionais de irriga\u00e7\u00e3o rodovi\u00e1ria.<\/p>\t\t\r\n\t\t\t <p>Econ\u00f4mico, exigindo menos aplica\u00e7\u00f5es e reduzindo os custos operacionais em compara\u00e7\u00e3o com os programas de irriga\u00e7\u00e3o.<\/p>\t\t\r\n\t\t\t <p>Reduz a quantidade de caminh\u00f5es-pipa necess\u00e1rios para molhar as estradas, diminuindo ainda mais o consumo de \u00e1gua e as despesas operacionais.<\/p>\t\t\r\n\t\t\t <p>Biopol\u00edmero ambientalmente seguro derivado de algas, garantindo uma solu\u00e7\u00e3o ecologicamente correta.<\/p>\t\t\r\n\t<h3><strong>O DusTech resulta em melhor aglutina\u00e7\u00e3o de part\u00edculas, <\/strong>melhor veda\u00e7\u00e3o da matriz molecular e redu\u00e7\u00e3o significativa de poeira.<\/h3>\r\n\t<h3><strong>DusTech acts residually &#8211;<\/strong> - Ap\u00f3s o tratamento inicial, a umidade do solo \u00e9 prolongada com o biopol\u00edmero. Al\u00e9m disso, para aplica\u00e7\u00f5es subsequentes, doses cada vez menores s\u00e3o necess\u00e1rias para garantir a estabilidade da superf\u00edcie.<\/h3>\r\n\t\t\t\t<img decoding=\"async\" src=\"https:\/\/www.metaflotech.com\/wp-content\/uploads\/2024\/11\/DusTech-dirt-road-dust-suppression-additive-1.webp\" alt=\"Aditivo para supress\u00e3o de poeira em estradas de terra DusTech 1\" itemprop=\"image\" height=\"760\" width=\"658\" onerror=\"this.style.display='none'\" loading=\"lazy\" \/>\r\n\t\t\t\t<img decoding=\"async\" src=\"https:\/\/www.metaflotech.com\/wp-content\/uploads\/2024\/11\/DusTech-dirt-road-dust-suppression-additive-2.webp\" alt=\"Aditivo para supress\u00e3o de poeira em estradas de terra DusTech 2\" itemprop=\"image\" height=\"760\" width=\"658\" onerror=\"this.style.display='none'\" loading=\"lazy\" \/>\r\n\t\t\t\t<img decoding=\"async\" src=\"https:\/\/www.metaflotech.com\/wp-content\/uploads\/2024\/11\/DusTech-dirt-road-dust-suppression-additive-3.webp\" alt=\"Aditivo para supress\u00e3o de poeira em estradas de terra DusTech 3\" itemprop=\"image\" height=\"760\" width=\"658\" onerror=\"this.style.display='none'\" loading=\"lazy\" \/>\r\n\t<h3><strong>Melhora a qualidade do ar reduzindo significativamente a poeira suspensa.<\/strong><\/h3>\r\n\t<h3><strong>Aumenta a seguran\u00e7a nas estradas ao proporcionar maior visibilidade ao tr\u00e2nsito.<\/strong><\/h3>\r\n\t<h1><strong>METODOLOGIA DE APLICA\u00c7\u00c3O<\/strong><\/h1>\r\n<h3>Easy application with low dosage &#8211; It can be diluted directly in the water truck<br \/>\r\nsem necessidade de equipamentos adicionais.<\/h3>\r\n<h2>\r\n\t\t\tEstudos de caso\t<\/h2>\r\n<h3>\r\n\t\t<a href=\"https:\/\/www.metaflotech.com\/wp-content\/uploads\/2025\/07\/DusTech-Case-Study-1-English-MetaFLO-Technologies.pdf\" title=\"DusTech melhora a qualidade do ar e economiza 360.000 litros de \u00e1gua por dia em um canteiro de obras\"  target=\"_self\">\r\n\t\t\tDusTech melhora a qualidade do ar e economiza 360.000 litros de \u00e1gua por dia em um canteiro de obras\t\t<\/a>\r\n\t<\/h3>\r\n\t<p>As dust suppression becomes mandatory due to health and environmental concerns, MetaFLO&#8217;s fast-acting biopolymer provides a low-cost and efficient solution for improving air quality on construction sites.<\/p>\r\n<h3>\r\n\t\t<a href=\"https:\/\/www.metaflotech.com\/wp-content\/uploads\/2025\/07\/DusTech-Case-Study-2-English-MetaFLO-Technologies.pdf\" title=\"DusTech melhora a qualidade do ar para uma barragem de minera\u00e7\u00e3o de ouro\"  target=\"_self\">\r\n\t\t\tDusTech melhora a qualidade do ar para uma barragem de minera\u00e7\u00e3o de ouro\t\t<\/a>\r\n\t<\/h3>\r\n\t<p>MetaFLO&#8217;s use of a high-quality dust suppression biopolymer helped a gold mining dam improve air quality to keep workers and communities safe in a rapid and cost-effective way.<\/p>\r\n<h3>\r\n\t\t<a href=\"https:\/\/www.metaflotech.com\/wp-content\/uploads\/2025\/07\/DusTech-Case-Study-3-English-MetaFLO-Technologies.pdf\" title=\"DusTech melhora a qualidade do ar em um canteiro de obras\"  target=\"_self\">\r\n\t\t\tDusTech melhora a qualidade do ar em um canteiro de obras\t\t<\/a>\r\n\t<\/h3>\r\n\t<p>MetaFLO&#8217;s dust suppressant helped a construction site improve air quality through effective dust suppression, helping save costs, increase productivity, and benefit the environment.<\/p>\r\n\t<h1><strong>Nossos biopol\u00edmeros<\/strong><\/h1>\r\n<p>MetaFLO&#8217;s biopolymers have been purposefully engineered to provide a variety of cost-effective solutions for multiple applications, from dust suppression to gold extraction. Our products are environmentally safe, easy to use, and can be tailored to meet specific needs. Contact us for more details.<\/p>\r\n\t\t\t\t<a href=\"https:\/\/www.metaflotech.com\/pt\/produtos\/biopolimeros\/soiltech\/\"  target=\"_self\" itemprop=\"url\">\r\n\t\t\t\t<img decoding=\"async\" src=\"https:\/\/www.metaflotech.com\/wp-content\/uploads\/2025\/07\/Logo-3.svg\" alt=\"Logotipo\" itemprop=\"image\" height=\"100\" width=\"100\" title=\"Logotipo\" onerror=\"this.style.display='none'\" loading=\"lazy\" \/>\r\n\t\t\t\t<\/a>\r\n\t<p><strong>Estabiliza\u00e7\u00e3o do solo<\/strong><\/p>\r\n\t\t\t\t<a href=\"https:\/\/www.metaflotech.com\/pt\/produtos\/biopolimeros\/dustech\/\"  target=\"_self\" itemprop=\"url\">\r\n\t\t\t\t<img decoding=\"async\" src=\"https:\/\/www.metaflotech.com\/wp-content\/uploads\/2025\/07\/Logo-5.svg\" alt=\"Logotipo\" itemprop=\"image\" height=\"100\" width=\"100\" title=\"Logotipo\" onerror=\"this.style.display='none'\" loading=\"lazy\" \/>\r\n\t\t\t\t<\/a>\r\n\t<p><strong>Supress\u00e3o de poeira<\/strong><\/p>\r\n\t\t\t\t<a href=\"https:\/\/www.metaflotech.com\/pt\/produtos\/biopolimeros\/tecnologia-de-extracao\/\"  target=\"_self\" itemprop=\"url\">\r\n\t\t\t\t<img decoding=\"async\" src=\"https:\/\/www.metaflotech.com\/wp-content\/uploads\/2025\/07\/Logo-4.svg\" alt=\"Logotipo\" itemprop=\"image\" height=\"100\" width=\"100\" title=\"Logotipo\" onerror=\"this.style.display='none'\" loading=\"lazy\" \/>\r\n\t\t\t\t<\/a>\r\n\t<strong>Extra\u00e7\u00e3o de ouro e redu\u00e7\u00e3o de cianeto<br \/>\r\n<\/strong>\r\n\t\t\t\t<a href=\"https:\/\/www.metaflotech.com\/pt\/produtos\/biopolimeros\/remtech\/\"  target=\"_self\" itemprop=\"url\">\r\n\t\t\t\t<img decoding=\"async\" src=\"https:\/\/www.metaflotech.com\/wp-content\/uploads\/2025\/07\/Logo.svg\" alt=\"Logotipo\" itemprop=\"image\" height=\"100\" width=\"100\" title=\"Logotipo\" onerror=\"this.style.display='none'\" loading=\"lazy\" \/>\r\n\t\t\t\t<\/a>\r\n\t<p><strong>\u00c1gua contaminada<\/strong><\/p>\r\n\t\t\t\t<a href=\"https:\/\/www.metaflotech.com\/pt\/produtos\/biopolimeros\/tecnologia-de-cimento\/\"  target=\"_self\" itemprop=\"url\">\r\n\t\t\t\t<img decoding=\"async\" src=\"https:\/\/www.metaflotech.com\/wp-content\/uploads\/2025\/07\/Logo-8.svg\" alt=\"Logotipo\" itemprop=\"image\" height=\"100\" width=\"100\" title=\"Logotipo\" onerror=\"this.style.display='none'\" loading=\"lazy\" \/>\r\n\t\t\t\t<\/a>\r\n\t<p><strong>Aprimoramento do cimento<\/strong><\/p>","protected":false},"excerpt":{"rendered":"<p>Biopolymer used for effective dust suppression Application Dirt roads \u00a0 Mine access roads \u00a0 Sandy hills \u00a0 Stockpiles material \u00a0 Benefits Improve air quality by significantly reducing airborne dust. Enhance road safety with greater visibility for traffic. Minimizes water usage, using far less compared to traditional road irrigation methods. Cost-effective, requiring fewer applications and cutting&hellip;<\/p>","protected":false},"author":1,"featured_media":0,"parent":108180,"menu_order":0,"comment_status":"closed","ping_status":"closed","template":"","meta":{"_acf_changed":false,"inline_featured_image":false,"footnotes":""},"class_list":["post-95711","page","type-page","status-publish","hentry"],"acf":[],"yoast_head":"<!-- This site is optimized with the Yoast SEO plugin v27.5 - https:\/\/yoast.com\/product\/yoast-seo-wordpress\/ -->\n<title>DusTech Dust Control Biopolymer for Unpaved and Haul Roads | MetaFLO Technologies<\/title>\n<meta name=\"description\" content=\"DusTech is an advanced biopolymer for dust suppression on unpaved, rural, industrial and mining roads, improving air quality, road safety and operational efficiency.\" \/>\n<meta name=\"robots\" content=\"index, follow, max-snippet:-1, max-image-preview:large, max-video-preview:-1\" \/>\n<link rel=\"canonical\" href=\"https:\/\/www.metaflotech.com\/pt\/produtos\/biopolimeros\/dustech\/\" \/>\n<meta property=\"og:locale\" content=\"pt_BR\" \/>\n<meta property=\"og:type\" content=\"article\" \/>\n<meta property=\"og:title\" content=\"DusTech Dust Control Biopolymer for Unpaved and Haul Roads | MetaFLO Technologies\" \/>\n<meta property=\"og:description\" content=\"DusTech is an advanced biopolymer for dust suppression on unpaved, rural, industrial and mining roads, improving air quality, road safety and operational efficiency.\" \/>\n<meta property=\"og:url\" content=\"https:\/\/www.metaflotech.com\/pt\/produtos\/biopolimeros\/dustech\/\" \/>\n<meta property=\"og:site_name\" content=\"MetaFLO Technologies\" \/>\n<meta property=\"article:publisher\" content=\"https:\/\/www.facebook.com\/MetaFLOTechnologies\/\" \/>\n<meta property=\"article:modified_time\" content=\"2026-03-12T13:08:00+00:00\" \/>\n<meta property=\"og:image\" content=\"https:\/\/www.metaflotech.com\/wp-content\/uploads\/2025\/07\/Dark-5.svg\" \/>\n<meta name=\"twitter:card\" content=\"summary_large_image\" \/>\n<meta name=\"twitter:site\" content=\"@metaflo\" \/>\n<meta name=\"twitter:label1\" content=\"Est. tempo de leitura\" \/>\n\t<meta name=\"twitter:data1\" content=\"4 minutos\" \/>\n<script type=\"application\/ld+json\" class=\"yoast-schema-graph\">{\"@context\":\"https:\\\/\\\/schema.org\",\"@graph\":[{\"@type\":\"WebPage\",\"@id\":\"https:\\\/\\\/www.metaflotech.com\\\/pt\\\/products\\\/biopolymers\\\/dustech\\\/\",\"url\":\"https:\\\/\\\/www.metaflotech.com\\\/pt\\\/products\\\/biopolymers\\\/dustech\\\/\",\"name\":\"DusTech Dust Control Biopolymer for Unpaved and Haul Roads | MetaFLO Technologies\",\"isPartOf\":{\"@id\":\"https:\\\/\\\/www.metaflotech.com\\\/pt\\\/#website\"},\"primaryImageOfPage\":{\"@id\":\"https:\\\/\\\/www.metaflotech.com\\\/pt\\\/products\\\/biopolymers\\\/dustech\\\/#primaryimage\"},\"image\":{\"@id\":\"https:\\\/\\\/www.metaflotech.com\\\/pt\\\/products\\\/biopolymers\\\/dustech\\\/#primaryimage\"},\"thumbnailUrl\":\"https:\\\/\\\/www.metaflotech.com\\\/wp-content\\\/uploads\\\/2025\\\/07\\\/Dark-5.svg\",\"datePublished\":\"2024-10-10T08:18:09+00:00\",\"dateModified\":\"2026-03-12T13:08:00+00:00\",\"description\":\"DusTech is an advanced biopolymer for dust suppression on unpaved, rural, industrial and mining roads, improving air quality, road safety and operational efficiency.\",\"breadcrumb\":{\"@id\":\"https:\\\/\\\/www.metaflotech.com\\\/pt\\\/products\\\/biopolymers\\\/dustech\\\/#breadcrumb\"},\"inLanguage\":\"pt-BR\",\"potentialAction\":[{\"@type\":\"ReadAction\",\"target\":[\"https:\\\/\\\/www.metaflotech.com\\\/pt\\\/products\\\/biopolymers\\\/dustech\\\/\"]}]},{\"@type\":\"ImageObject\",\"inLanguage\":\"pt-BR\",\"@id\":\"https:\\\/\\\/www.metaflotech.com\\\/pt\\\/products\\\/biopolymers\\\/dustech\\\/#primaryimage\",\"url\":\"https:\\\/\\\/www.metaflotech.com\\\/wp-content\\\/uploads\\\/2025\\\/07\\\/Dark-5.svg\",\"contentUrl\":\"https:\\\/\\\/www.metaflotech.com\\\/wp-content\\\/uploads\\\/2025\\\/07\\\/Dark-5.svg\"},{\"@type\":\"BreadcrumbList\",\"@id\":\"https:\\\/\\\/www.metaflotech.com\\\/pt\\\/products\\\/biopolymers\\\/dustech\\\/#breadcrumb\",\"itemListElement\":[{\"@type\":\"ListItem\",\"position\":1,\"name\":\"Home\",\"item\":\"https:\\\/\\\/www.metaflotech.com\\\/\"},{\"@type\":\"ListItem\",\"position\":2,\"name\":\"Products\",\"item\":\"https:\\\/\\\/www.metaflotech.com\\\/products\\\/\"},{\"@type\":\"ListItem\",\"position\":3,\"name\":\"Biopolymers (Tech)\",\"item\":\"https:\\\/\\\/www.metaflotech.com\\\/products\\\/biopolymers\\\/\"},{\"@type\":\"ListItem\",\"position\":4,\"name\":\"DusTech Dust Control Biopolymer for Unpaved and Haul Roads\"}]},{\"@type\":\"WebSite\",\"@id\":\"https:\\\/\\\/www.metaflotech.com\\\/pt\\\/#website\",\"url\":\"https:\\\/\\\/www.metaflotech.com\\\/pt\\\/\",\"name\":\"MetaFLO Technologies\",\"description\":\"Engineered Polymer Solutions For Industrial Applications\",\"potentialAction\":[{\"@type\":\"SearchAction\",\"target\":{\"@type\":\"EntryPoint\",\"urlTemplate\":\"https:\\\/\\\/www.metaflotech.com\\\/pt\\\/?s={search_term_string}\"},\"query-input\":{\"@type\":\"PropertyValueSpecification\",\"valueRequired\":true,\"valueName\":\"search_term_string\"}}],\"inLanguage\":\"pt-BR\"}]}<\/script>\n<!-- \/ Yoast SEO plugin. -->","yoast_head_json":{"title":"Controle de Poeira em Estradas de Terra com DusTech | MetaFLO","description":"DusTech \u00e9 um biopol\u00edmero para controle de poeira em estradas de terra, rurais, industriais e de minera\u00e7\u00e3o, melhorando a qualidade do ar e a seguran\u00e7a operacional.","robots":{"index":"index","follow":"follow","max-snippet":"max-snippet:-1","max-image-preview":"max-image-preview:large","max-video-preview":"max-video-preview:-1"},"canonical":"https:\/\/www.metaflotech.com\/pt\/produtos\/biopolimeros\/dustech\/","og_locale":"pt_BR","og_type":"article","og_title":"DusTech Dust Control Biopolymer for Unpaved and Haul Roads | MetaFLO Technologies","og_description":"DusTech is an advanced biopolymer for dust suppression on unpaved, rural, industrial and mining roads, improving air quality, road safety and operational efficiency.","og_url":"https:\/\/www.metaflotech.com\/pt\/produtos\/biopolimeros\/dustech\/","og_site_name":"MetaFLO Technologies","article_publisher":"https:\/\/www.facebook.com\/MetaFLOTechnologies\/","article_modified_time":"2026-03-12T13:08:00+00:00","og_image":[{"url":"https:\/\/www.metaflotech.com\/wp-content\/uploads\/2025\/07\/Dark-5.svg","type":"","width":"","height":""}],"twitter_card":"summary_large_image","twitter_site":"@metaflo","twitter_misc":{"Est. tempo de leitura":"4 minutos"},"schema":{"@context":"https:\/\/schema.org","@graph":[{"@type":"WebPage","@id":"https:\/\/www.metaflotech.com\/pt\/products\/biopolymers\/dustech\/","url":"https:\/\/www.metaflotech.com\/pt\/products\/biopolymers\/dustech\/","name":"Controle de Poeira em Estradas de Terra com DusTech | MetaFLO","isPartOf":{"@id":"https:\/\/www.metaflotech.com\/pt\/#website"},"primaryImageOfPage":{"@id":"https:\/\/www.metaflotech.com\/pt\/products\/biopolymers\/dustech\/#primaryimage"},"image":{"@id":"https:\/\/www.metaflotech.com\/pt\/products\/biopolymers\/dustech\/#primaryimage"},"thumbnailUrl":"https:\/\/www.metaflotech.com\/wp-content\/uploads\/2025\/07\/Dark-5.svg","datePublished":"2024-10-10T08:18:09+00:00","dateModified":"2026-03-12T13:08:00+00:00","description":"DusTech \u00e9 um biopol\u00edmero para controle de poeira em estradas de terra, rurais, industriais e de minera\u00e7\u00e3o, melhorando a qualidade do ar e a seguran\u00e7a operacional.","breadcrumb":{"@id":"https:\/\/www.metaflotech.com\/pt\/products\/biopolymers\/dustech\/#breadcrumb"},"inLanguage":"pt-BR","potentialAction":[{"@type":"ReadAction","target":["https:\/\/www.metaflotech.com\/pt\/products\/biopolymers\/dustech\/"]}]},{"@type":"ImageObject","inLanguage":"pt-BR","@id":"https:\/\/www.metaflotech.com\/pt\/products\/biopolymers\/dustech\/#primaryimage","url":"https:\/\/www.metaflotech.com\/wp-content\/uploads\/2025\/07\/Dark-5.svg","contentUrl":"https:\/\/www.metaflotech.com\/wp-content\/uploads\/2025\/07\/Dark-5.svg"},{"@type":"BreadcrumbList","@id":"https:\/\/www.metaflotech.com\/pt\/products\/biopolymers\/dustech\/#breadcrumb","itemListElement":[{"@type":"ListItem","position":1,"name":"Home","item":"https:\/\/www.metaflotech.com\/"},{"@type":"ListItem","position":2,"name":"Products","item":"https:\/\/www.metaflotech.com\/products\/"},{"@type":"ListItem","position":3,"name":"Biopolymers (Tech)","item":"https:\/\/www.metaflotech.com\/products\/biopolymers\/"},{"@type":"ListItem","position":4,"name":"DusTech Dust Control Biopolymer for Unpaved and Haul Roads"}]},{"@type":"WebSite","@id":"https:\/\/www.metaflotech.com\/pt\/#website","url":"https:\/\/www.metaflotech.com\/pt\/","name":"MetaFLO Technologies","description":"Solu\u00e7\u00f5es de pol\u00edmeros projetadas para aplica\u00e7\u00f5es industriais","potentialAction":[{"@type":"SearchAction","target":{"@type":"EntryPoint","urlTemplate":"https:\/\/www.metaflotech.com\/pt\/?s={search_term_string}"},"query-input":{"@type":"PropertyValueSpecification","valueRequired":true,"valueName":"search_term_string"}}],"inLanguage":"pt-BR"}]}},"_links":{"self":[{"href":"https:\/\/www.metaflotech.com\/pt\/wp-json\/wp\/v2\/pages\/95711","targetHints":{"allow":["GET"]}}],"collection":[{"href":"https:\/\/www.metaflotech.com\/pt\/wp-json\/wp\/v2\/pages"}],"about":[{"href":"https:\/\/www.metaflotech.com\/pt\/wp-json\/wp\/v2\/types\/page"}],"author":[{"embeddable":true,"href":"https:\/\/www.metaflotech.com\/pt\/wp-json\/wp\/v2\/users\/1"}],"replies":[{"embeddable":true,"href":"https:\/\/www.metaflotech.com\/pt\/wp-json\/wp\/v2\/comments?post=95711"}],"version-history":[{"count":0,"href":"https:\/\/www.metaflotech.com\/pt\/wp-json\/wp\/v2\/pages\/95711\/revisions"}],"up":[{"embeddable":true,"href":"https:\/\/www.metaflotech.com\/pt\/wp-json\/wp\/v2\/pages\/108180"}],"wp:attachment":[{"href":"https:\/\/www.metaflotech.com\/pt\/wp-json\/wp\/v2\/media?parent=95711"}],"curies":[{"name":"wp","href":"https:\/\/api.w.org\/{rel}","templated":true}]}}