{"id":99321,"date":"2024-10-25T09:21:25","date_gmt":"2024-10-25T09:21:25","guid":{"rendered":"https:\/\/www.metaflotech.com\/?page_id=99321"},"modified":"2026-03-12T12:59:39","modified_gmt":"2026-03-12T12:59:39","slug":"perfuracao-direcional-horizontal","status":"publish","type":"page","link":"https:\/\/www.metaflotech.com\/pt\/applications\/horizontal-directional-drilling\/","title":{"rendered":"HDD Waste Management for Drilling Mud and Drilling Fluid"},"content":{"rendered":"<img decoding=\"async\" src=\"https:\/\/www.metaflotech.com\/wp-content\/uploads\/2024\/10\/HX30G-Vacuum-Excavator-Large.jpg\" alt=\"\" itemprop=\"image\" height=\"1068\" width=\"1600\" onerror=\"this.style.display='none'\" loading='lazy' \/>\r\n\t<h1><strong>Perfura\u00e7\u00e3o direcional horizontal (HDD)<\/strong><\/h1>\r\n<h2><em>Inova\u00e7\u00e3o no descarte de fluidos \u00e0 base de \u00e1gua<\/em><\/h2>\r\n<h3>\r\n\t\t\tVis\u00e3o geral do problema\t<\/h3>\r\n\t<p>A perfura\u00e7\u00e3o direcional horizontal (HDD) \u00e9 uma t\u00e9cnica de constru\u00e7\u00e3o na qual um t\u00fanel \u00e9 perfurado sob um curso d'\u00e1gua ou outra \u00e1rea designada, e uma tubula\u00e7\u00e3o ou outro servi\u00e7o p\u00fablico \u00e9 puxado atrav\u00e9s do t\u00fanel subterr\u00e2neo perfurado. Esse processo gera res\u00edduos de lama l\u00edquida que precisam ser descartados.<\/p>\r\n<p>O descarte de lama l\u00edquida costuma ser caro e ambientalmente hostil quando n\u00e3o \u00e9 gerenciado adequadamente.<\/p>\r\n<p>Os m\u00e9todos tradicionais s\u00e3o ineficientes, lentos e caros.<\/p>\r\n<p>O processo de descarte de lama l\u00edquida geralmente \u00e9 parecido com este:<\/p>\r\n<ol>\r\n<li>Caminh\u00f5es a v\u00e1cuo especializados transportam a lama para uma esta\u00e7\u00e3o de transfer\u00eancia<\/li>\r\n<li>Agentes de volume, como serragem, s\u00e3o usados (geralmente aumentando o volume da pasta em 50-200%)<\/li>\r\n<li>Caminh\u00f5es basculantes transportam o aumento da carga de res\u00edduos para um local de descarte final<\/li>\r\n<\/ol>\r\n<p>Isso significa mais caminh\u00f5es necess\u00e1rios, mais tempo desperdi\u00e7ado e maiores custos de descarte incorridos.<\/p>\r\n<h3>\r\n\t\t\tVis\u00e3o geral do produto MetaFLO\t<\/h3>\r\n\t<p>Os reagentes MetaFLO s\u00e3o reagentes de solidifica\u00e7\u00e3o inertes* n\u00e3o t\u00f3xicos que absorvem rapidamente a \u00e1gua e ajudam os res\u00edduos a passar no teste de filtro de tinta (PFT). Ele \u00e9 aplicado a fluidos \u00e0 base de \u00e1gua, como fluido de perfura\u00e7\u00e3o, jet grouting e res\u00edduos de minera\u00e7\u00e3o.<\/p>\r\n<p>Com o MetaFLO, o descarte de polpa l\u00edquida \u00e9 otimizado:<\/p>\r\n<ol>\r\n<li>MetaFLO&#8217;s technology solidifies the liquid waste on-site<\/li>\r\n<li>Os res\u00edduos solidificados s\u00e3o transferidos para caminh\u00f5es basculantes para serem transportados diretamente para o local de descarte final.<\/li>\r\n<\/ol>\r\n<p>Os benef\u00edcios s\u00e3o claros com nosso processo patenteado:<\/p>\r\n<ul>\r\n<li>Economia de custos<\/li>\r\n<li>Menos caminh\u00f5es necess\u00e1rios<\/li>\r\n<li>Sem transporte caro de l\u00edquidos<\/li>\r\n<li>Redu\u00e7\u00e3o das emiss\u00f5es de GEE<\/li>\r\n<li>Controle de res\u00edduos<\/li>\r\n<li>Conformidade para o cliente<\/li>\r\n<li>Solo reutilizado como material de preenchimento limpo e regenerativo<\/li>\r\n<li>Menos burocracia envolvida<\/li>\r\n<\/ul>\r\n<p>A MetaFLO Technologies pode trabalhar com a equipe de opera\u00e7\u00f5es para ajudar a elaborar um plano personalizado e eficaz para enfrentar os desafios do desperd\u00edcio de fluidos \u00e0 base de \u00e1gua.<\/p>\r\n<p><em>*A classifica\u00e7\u00e3o do produto pode diferir entre as jurisdi\u00e7\u00f5es de diferentes pa\u00edses.<\/em><\/p>\r\n\t\t\t\t<img decoding=\"async\" src=\"https:\/\/www.metaflotech.com\/wp-content\/uploads\/2024\/10\/icon-transport-w.png\" alt=\"\u00edcone de transporte w\" itemprop=\"image\" height=\"311\" width=\"311\" title=\"\u00edcone de transporte w\" onerror=\"this.style.display='none'\" loading='lazy' \/>\r\n\t<h3><b>Reduzir significativamente os custos de transporte<\/b><\/h3>\r\n\t\t\t\t<img decoding=\"async\" src=\"https:\/\/www.metaflotech.com\/wp-content\/uploads\/2024\/10\/icon-ecology-w.png\" alt=\"\u00edcone ecologia w\" itemprop=\"image\" height=\"311\" width=\"311\" title=\"\u00edcone ecologia w\" onerror=\"this.style.display='none'\" loading='lazy' \/>\r\n\t<h3><b>Minimizar os riscos ambientais e de seguran\u00e7a<\/b><\/h3>\r\n\t\t\t\t<img decoding=\"async\" src=\"https:\/\/www.metaflotech.com\/wp-content\/uploads\/2024\/10\/icon-savings-w.png\" alt=\"\u00edcone de economia w\" itemprop=\"image\" height=\"311\" width=\"311\" title=\"\u00edcone de economia w\" onerror=\"this.style.display='none'\" loading='lazy' \/>\r\n\t<h3><b>Gerenciamento de res\u00edduos sustent\u00e1vel e eficiente<\/b><\/h3>\r\n\t\t\t\t<img decoding=\"async\" src=\"https:\/\/www.metaflotech.com\/wp-content\/uploads\/2025\/01\/Method-PT.svg\" alt=\"M\u00e9todo-EN\" itemprop=\"image\" height=\"100\" width=\"100\" title=\"M\u00e9todo-EN\" onerror=\"this.style.display='none'\" loading='lazy' \/>\r\n<h1>\r\n\t\t\tCaminh\u00f5es basculantes vs. caminh\u00f5es a v\u00e1cuo\t<\/h1>\r\n\t\t\t\t<img decoding=\"async\" src=\"https:\/\/www.metaflotech.com\/wp-content\/uploads\/2024\/12\/Trucks-2.svg\" alt=\"Caminh\u00f5es - 2 PT\" itemprop=\"image\" height=\"100\" width=\"100\" title=\"Caminh\u00f5es - 2 PT\" onerror=\"this.style.display='none'\" loading='lazy' \/>\r\n\t\t\t\t<img decoding=\"async\" src=\"https:\/\/www.metaflotech.com\/wp-content\/uploads\/2024\/12\/Trucks-1.svg\" alt=\"Caminh\u00f5es - 1 PT\" itemprop=\"image\" height=\"100\" width=\"100\" title=\"Caminh\u00f5es - 1 PT\" onerror=\"this.style.display='none'\" loading='lazy' \/>\r\n\t<h3><strong>Nosso processo MetaFLO comprovado tem benef\u00edcios claros:<\/strong><\/h3>\r\n<ol>\r\n<li>Redu\u00e7\u00e3o da pegada operacional em locais urbanos congestionados para gerenciar rapidamente os res\u00edduos<\/li>\r\n<li>Melhoria da efici\u00eancia do transporte para remover o material seco dos locais do projeto<\/li>\r\n<li>Res\u00edduos solidificados que atendem aos crit\u00e9rios regulat\u00f3rios para irem diretamente para locais de preenchimento limpo Emiss\u00f5es mais baixas de GEE, log\u00edstica urbana aprimorada, gerenciamento respons\u00e1vel do excesso de solo<\/li>\r\n<\/ol>\r\n<h2>\r\n\t\t\tEstudos de caso\t<\/h2>\r\n<h3>\r\n\t\t<a href=\"https:\/\/www.metaflotech.com\/wp-content\/uploads\/2024\/12\/MF002-Case-Study_-HDD-English-MetaFLO-Technologies.pdf\" title=\"Sustainable Waste Management for Enbridge's GTA Pipeline Project\"  target=\"_self\">\r\n\t\t\tSustainable Waste Management for Enbridge&#8217;s GTA Pipeline Project\t\t<\/a>\r\n\t<\/h3>\r\n\t<p>MetaFLO&#8217;s technology cuts GHG emissions by 67% and turns liquid waste into reusable resources, supporting a cleaner future for urban infrastructure.<\/p>\r\n\t\t\t\t<img decoding=\"async\" src=\"https:\/\/www.metaflotech.com\/wp-content\/uploads\/2025\/01\/Full-Infographic-PT.svg\" alt=\"Infogr\u00e1fico completo - PT\" itemprop=\"image\" height=\"100\" width=\"100\" title=\"Infogr\u00e1fico completo - PT\" onerror=\"this.style.display='none'\" loading='lazy' \/>","protected":false},"excerpt":{"rendered":"<p>Horizontal Directional Drilling (HDD) Innovation In Water-Based Fluid Disposal Issue at a Glance Horizontal Directional Drilling (HDD) is a construction technique in which a tunnel is drilled under a waterway or other designated area, and a pipeline or other utility is pulled through the drilled underground tunnel. This process generates liquid slurry waste that requires&hellip;<\/p>","protected":false},"author":1,"featured_media":0,"parent":73499,"menu_order":0,"comment_status":"closed","ping_status":"closed","template":"","meta":{"_acf_changed":false,"inline_featured_image":false,"footnotes":""},"class_list":["post-99321","page","type-page","status-publish","hentry"],"acf":[],"yoast_head":"<!-- This site is optimized with the Yoast SEO plugin v27.5 - https:\/\/yoast.com\/product\/yoast-seo-wordpress\/ -->\n<title>HDD Waste Management for Drilling Mud and Drilling Fluid | MetaFLO Technologies<\/title>\n<meta name=\"description\" content=\"MetaFLO provides solutions for horizontal directional drilling, enabling efficient drilling fluid and HDD slurry solidification for safer handling, transport and disposal.\" \/>\n<meta name=\"robots\" content=\"index, follow, max-snippet:-1, max-image-preview:large, max-video-preview:-1\" \/>\n<link rel=\"canonical\" href=\"https:\/\/www.metaflotech.com\/pt\/aplicativos\/perfuracao-direcional-horizontal\/\" \/>\n<meta property=\"og:locale\" content=\"pt_BR\" \/>\n<meta property=\"og:type\" content=\"article\" \/>\n<meta property=\"og:title\" content=\"HDD Waste Management for Drilling Mud and Drilling Fluid | MetaFLO Technologies\" \/>\n<meta property=\"og:description\" content=\"MetaFLO provides solutions for horizontal directional drilling, enabling efficient drilling fluid and HDD slurry solidification for safer handling, transport and disposal.\" \/>\n<meta property=\"og:url\" content=\"https:\/\/www.metaflotech.com\/pt\/aplicativos\/perfuracao-direcional-horizontal\/\" \/>\n<meta property=\"og:site_name\" content=\"MetaFLO Technologies\" \/>\n<meta property=\"article:publisher\" content=\"https:\/\/www.facebook.com\/MetaFLOTechnologies\/\" \/>\n<meta property=\"article:modified_time\" content=\"2026-03-12T12:59:39+00:00\" \/>\n<meta property=\"og:image\" content=\"https:\/\/www.metaflotech.com\/wp-content\/uploads\/2024\/10\/HX30G-Vacuum-Excavator-Large.jpg\" \/>\n<meta name=\"twitter:card\" content=\"summary_large_image\" \/>\n<meta name=\"twitter:site\" content=\"@metaflo\" \/>\n<meta name=\"twitter:label1\" content=\"Est. tempo de leitura\" \/>\n\t<meta name=\"twitter:data1\" content=\"4 minutos\" \/>\n<script type=\"application\/ld+json\" class=\"yoast-schema-graph\">{\"@context\":\"https:\\\/\\\/schema.org\",\"@graph\":[{\"@type\":\"WebPage\",\"@id\":\"https:\\\/\\\/www.metaflotech.com\\\/pt\\\/applications\\\/horizontal-directional-drilling\\\/\",\"url\":\"https:\\\/\\\/www.metaflotech.com\\\/pt\\\/applications\\\/horizontal-directional-drilling\\\/\",\"name\":\"HDD Waste Management for Drilling Mud and Drilling Fluid | MetaFLO Technologies\",\"isPartOf\":{\"@id\":\"https:\\\/\\\/www.metaflotech.com\\\/pt\\\/#website\"},\"primaryImageOfPage\":{\"@id\":\"https:\\\/\\\/www.metaflotech.com\\\/pt\\\/applications\\\/horizontal-directional-drilling\\\/#primaryimage\"},\"image\":{\"@id\":\"https:\\\/\\\/www.metaflotech.com\\\/pt\\\/applications\\\/horizontal-directional-drilling\\\/#primaryimage\"},\"thumbnailUrl\":\"https:\\\/\\\/www.metaflotech.com\\\/wp-content\\\/uploads\\\/2024\\\/10\\\/HX30G-Vacuum-Excavator-Large.jpg\",\"datePublished\":\"2024-10-25T09:21:25+00:00\",\"dateModified\":\"2026-03-12T12:59:39+00:00\",\"description\":\"MetaFLO provides solutions for horizontal directional drilling, enabling efficient drilling fluid and HDD slurry solidification for safer handling, transport and disposal.\",\"breadcrumb\":{\"@id\":\"https:\\\/\\\/www.metaflotech.com\\\/pt\\\/applications\\\/horizontal-directional-drilling\\\/#breadcrumb\"},\"inLanguage\":\"pt-BR\",\"potentialAction\":[{\"@type\":\"ReadAction\",\"target\":[\"https:\\\/\\\/www.metaflotech.com\\\/pt\\\/applications\\\/horizontal-directional-drilling\\\/\"]}]},{\"@type\":\"ImageObject\",\"inLanguage\":\"pt-BR\",\"@id\":\"https:\\\/\\\/www.metaflotech.com\\\/pt\\\/applications\\\/horizontal-directional-drilling\\\/#primaryimage\",\"url\":\"https:\\\/\\\/www.metaflotech.com\\\/wp-content\\\/uploads\\\/2024\\\/10\\\/HX30G-Vacuum-Excavator-Large.jpg\",\"contentUrl\":\"https:\\\/\\\/www.metaflotech.com\\\/wp-content\\\/uploads\\\/2024\\\/10\\\/HX30G-Vacuum-Excavator-Large.jpg\"},{\"@type\":\"BreadcrumbList\",\"@id\":\"https:\\\/\\\/www.metaflotech.com\\\/pt\\\/applications\\\/horizontal-directional-drilling\\\/#breadcrumb\",\"itemListElement\":[{\"@type\":\"ListItem\",\"position\":1,\"name\":\"Home\",\"item\":\"https:\\\/\\\/www.metaflotech.com\\\/\"},{\"@type\":\"ListItem\",\"position\":2,\"name\":\"Applications\",\"item\":\"https:\\\/\\\/www.metaflotech.com\\\/applications\\\/\"},{\"@type\":\"ListItem\",\"position\":3,\"name\":\"HDD Waste Management for Drilling Mud and Drilling Fluid\"}]},{\"@type\":\"WebSite\",\"@id\":\"https:\\\/\\\/www.metaflotech.com\\\/pt\\\/#website\",\"url\":\"https:\\\/\\\/www.metaflotech.com\\\/pt\\\/\",\"name\":\"MetaFLO Technologies\",\"description\":\"Engineered Polymer Solutions For Industrial Applications\",\"potentialAction\":[{\"@type\":\"SearchAction\",\"target\":{\"@type\":\"EntryPoint\",\"urlTemplate\":\"https:\\\/\\\/www.metaflotech.com\\\/pt\\\/?s={search_term_string}\"},\"query-input\":{\"@type\":\"PropertyValueSpecification\",\"valueRequired\":true,\"valueName\":\"search_term_string\"}}],\"inLanguage\":\"pt-BR\"}]}<\/script>\n<!-- \/ Yoast SEO plugin. -->","yoast_head_json":{"title":"Gest\u00e3o de Res\u00edduos de HDD: Lama e Fluido de Perfura\u00e7\u00e3o | MetaFLO","description":"Solu\u00e7\u00f5es para perfura\u00e7\u00e3o direcional horizontal (HDD), com solidifica\u00e7\u00e3o eficiente de lama e fluido de perfura\u00e7\u00e3o para transporte e descarte seguros","robots":{"index":"index","follow":"follow","max-snippet":"max-snippet:-1","max-image-preview":"max-image-preview:large","max-video-preview":"max-video-preview:-1"},"canonical":"https:\/\/www.metaflotech.com\/pt\/aplicativos\/perfuracao-direcional-horizontal\/","og_locale":"pt_BR","og_type":"article","og_title":"HDD Waste Management for Drilling Mud and Drilling Fluid | MetaFLO Technologies","og_description":"MetaFLO provides solutions for horizontal directional drilling, enabling efficient drilling fluid and HDD slurry solidification for safer handling, transport and disposal.","og_url":"https:\/\/www.metaflotech.com\/pt\/aplicativos\/perfuracao-direcional-horizontal\/","og_site_name":"MetaFLO Technologies","article_publisher":"https:\/\/www.facebook.com\/MetaFLOTechnologies\/","article_modified_time":"2026-03-12T12:59:39+00:00","og_image":[{"url":"https:\/\/www.metaflotech.com\/wp-content\/uploads\/2024\/10\/HX30G-Vacuum-Excavator-Large.jpg","type":"","width":"","height":""}],"twitter_card":"summary_large_image","twitter_site":"@metaflo","twitter_misc":{"Est. tempo de leitura":"4 minutos"},"schema":{"@context":"https:\/\/schema.org","@graph":[{"@type":"WebPage","@id":"https:\/\/www.metaflotech.com\/pt\/applications\/horizontal-directional-drilling\/","url":"https:\/\/www.metaflotech.com\/pt\/applications\/horizontal-directional-drilling\/","name":"Gest\u00e3o de Res\u00edduos de HDD: Lama e Fluido de Perfura\u00e7\u00e3o | MetaFLO","isPartOf":{"@id":"https:\/\/www.metaflotech.com\/pt\/#website"},"primaryImageOfPage":{"@id":"https:\/\/www.metaflotech.com\/pt\/applications\/horizontal-directional-drilling\/#primaryimage"},"image":{"@id":"https:\/\/www.metaflotech.com\/pt\/applications\/horizontal-directional-drilling\/#primaryimage"},"thumbnailUrl":"https:\/\/www.metaflotech.com\/wp-content\/uploads\/2024\/10\/HX30G-Vacuum-Excavator-Large.jpg","datePublished":"2024-10-25T09:21:25+00:00","dateModified":"2026-03-12T12:59:39+00:00","description":"Solu\u00e7\u00f5es para perfura\u00e7\u00e3o direcional horizontal (HDD), com solidifica\u00e7\u00e3o eficiente de lama e fluido de perfura\u00e7\u00e3o para transporte e descarte seguros","breadcrumb":{"@id":"https:\/\/www.metaflotech.com\/pt\/applications\/horizontal-directional-drilling\/#breadcrumb"},"inLanguage":"pt-BR","potentialAction":[{"@type":"ReadAction","target":["https:\/\/www.metaflotech.com\/pt\/applications\/horizontal-directional-drilling\/"]}]},{"@type":"ImageObject","inLanguage":"pt-BR","@id":"https:\/\/www.metaflotech.com\/pt\/applications\/horizontal-directional-drilling\/#primaryimage","url":"https:\/\/www.metaflotech.com\/wp-content\/uploads\/2024\/10\/HX30G-Vacuum-Excavator-Large.jpg","contentUrl":"https:\/\/www.metaflotech.com\/wp-content\/uploads\/2024\/10\/HX30G-Vacuum-Excavator-Large.jpg"},{"@type":"BreadcrumbList","@id":"https:\/\/www.metaflotech.com\/pt\/applications\/horizontal-directional-drilling\/#breadcrumb","itemListElement":[{"@type":"ListItem","position":1,"name":"Home","item":"https:\/\/www.metaflotech.com\/"},{"@type":"ListItem","position":2,"name":"Applications","item":"https:\/\/www.metaflotech.com\/applications\/"},{"@type":"ListItem","position":3,"name":"HDD Waste Management for Drilling Mud and Drilling Fluid"}]},{"@type":"WebSite","@id":"https:\/\/www.metaflotech.com\/pt\/#website","url":"https:\/\/www.metaflotech.com\/pt\/","name":"MetaFLO Technologies","description":"Solu\u00e7\u00f5es de pol\u00edmeros projetadas para aplica\u00e7\u00f5es industriais","potentialAction":[{"@type":"SearchAction","target":{"@type":"EntryPoint","urlTemplate":"https:\/\/www.metaflotech.com\/pt\/?s={search_term_string}"},"query-input":{"@type":"PropertyValueSpecification","valueRequired":true,"valueName":"search_term_string"}}],"inLanguage":"pt-BR"}]}},"_links":{"self":[{"href":"https:\/\/www.metaflotech.com\/pt\/wp-json\/wp\/v2\/pages\/99321","targetHints":{"allow":["GET"]}}],"collection":[{"href":"https:\/\/www.metaflotech.com\/pt\/wp-json\/wp\/v2\/pages"}],"about":[{"href":"https:\/\/www.metaflotech.com\/pt\/wp-json\/wp\/v2\/types\/page"}],"author":[{"embeddable":true,"href":"https:\/\/www.metaflotech.com\/pt\/wp-json\/wp\/v2\/users\/1"}],"replies":[{"embeddable":true,"href":"https:\/\/www.metaflotech.com\/pt\/wp-json\/wp\/v2\/comments?post=99321"}],"version-history":[{"count":0,"href":"https:\/\/www.metaflotech.com\/pt\/wp-json\/wp\/v2\/pages\/99321\/revisions"}],"up":[{"embeddable":true,"href":"https:\/\/www.metaflotech.com\/pt\/wp-json\/wp\/v2\/pages\/73499"}],"wp:attachment":[{"href":"https:\/\/www.metaflotech.com\/pt\/wp-json\/wp\/v2\/media?parent=99321"}],"curies":[{"name":"wp","href":"https:\/\/api.w.org\/{rel}","templated":true}]}}