{"id":99540,"date":"2024-10-25T10:49:23","date_gmt":"2024-10-25T10:49:23","guid":{"rendered":"https:\/\/www.metaflotech.com\/?page_id=99540"},"modified":"2026-03-12T13:03:03","modified_gmt":"2026-03-12T13:03:03","slug":"lagoas-de-aguas-residuais-de-aguas-pluviais","status":"publish","type":"page","link":"https:\/\/www.metaflotech.com\/pt\/applications\/stormwater-wastewater-ponds\/","title":{"rendered":"Stormwater and Wastewater Pond Sludge Solidification Solutions"},"content":{"rendered":"<img loading=\"lazy\" decoding=\"async\" src=\"https:\/\/www.metaflotech.com\/wp-content\/uploads\/2024\/10\/conventionaldredge.jpg\" alt=\"\" itemprop=\"image\" height=\"1875\" width=\"2500\" onerror=\"this.style.display='none'\"  \/>\r\n\t<h1><strong>Lagoas de \u00e1guas pluviais\/\u00e1guas residuais<\/strong><\/h1>\r\n<h2><em>Inova\u00e7\u00e3o na gest\u00e3o de \u00e1guas pluviais e lagoas de sedimentos<\/em><\/h2>\r\n<h3>\r\n\t\tVis\u00e3o geral do problema\r\n\t<\/h3>\r\n\t<p>As lagoas de \u00e1guas pluviais atuam como filtros para evitar que detritos se infiltrem em nossos sistemas naturais de \u00e1gua e impactem positivamente a eros\u00e3o.<\/p>\r\n<p>No entanto, essas lagoas se enchem de detritos que se depositam no fundo como sedimentos. Geralmente, eles cont\u00eam areia, silte e argila da eros\u00e3o da superf\u00edcie, mas tamb\u00e9m podem incluir elementos menos amig\u00e1veis ao homem, como hidrocarbonetos e sal.<\/p>\r\n<p>A manuten\u00e7\u00e3o cont\u00ednua \u00e9 fundamental para o sucesso dessa ferramenta passiva de gerenciamento de \u00e1gua. Se os sedimentos se acumularem na lagoa e n\u00e3o forem removidos regularmente, a lagoa de \u00e1guas pluviais n\u00e3o poder\u00e1 mais filtrar adequadamente os detritos.<\/p>\r\n<h3>\r\n\t\tVis\u00e3o geral do produto MetaFLO\r\n\t<\/h3>\r\n\t<p>Using MetaFLO&#8217;s reagent, the hydro excavation material is transformed into a dry, earth-like finish.<\/p>\r\n<p>Essa solu\u00e7\u00e3o n\u00e3o requer po\u00e7os de drenagem no solo e oferece efici\u00eancia ideal para caminh\u00f5es de hidroescava\u00e7\u00e3o caros e op\u00e7\u00f5es de descarte de baixo custo para materiais s\u00f3lidos.<\/p>\r\n<p>The dosage required for solidification with MetaFLO&#8217;s reagent results in a much smaller quantity than would be produced by sawdust or wood chip bulking methods.<\/p>\r\n<p>Isso tamb\u00e9m reduz as atividades que geram uma pegada de carbono e atenua os riscos ambientais e de seguran\u00e7a associados ao transporte de grandes quantidades de res\u00edduos l\u00edquidos.<\/p>\r\n<p>Com o MetaFLO, o descarte de polpa l\u00edquida \u00e9 otimizado:<\/p>\r\n<ol>\r\n<li>MetaFLO&#8217;s technology solidifies the liquid waste on-site<\/li>\r\n<li>Os res\u00edduos solidificados s\u00e3o transferidos para caminh\u00f5es basculantes para serem transportados diretamente para o local de descarte final.<\/li>\r\n<\/ol>\r\n<p>O processo patenteado MetaFLO oferece enormes benef\u00edcios, tais como:<\/p>\r\n<ul>\r\n<li>Economia de custos<\/li>\r\n<li>Menos caminh\u00f5es necess\u00e1rios<\/li>\r\n<li>Sem transporte caro de l\u00edquidos<\/li>\r\n<li>Redu\u00e7\u00e3o das emiss\u00f5es de GEE<\/li>\r\n<li>Controle de res\u00edduos<\/li>\r\n<li>Conformidade para o cliente<\/li>\r\n<li>Solo reutilizado como material de preenchimento limpo e regenerativo<\/li>\r\n<li>Menos burocracia envolvida<\/li>\r\n<\/ul>\r\n<p>A MetaFLO Technologies pode trabalhar com a equipe de opera\u00e7\u00f5es para ajudar a elaborar um plano personalizado e eficaz para enfrentar os desafios de lidar com res\u00edduos \u00famidos (como cortes de perfura\u00e7\u00e3o, materiais de hidroescava\u00e7\u00e3o e res\u00edduos de minera\u00e7\u00e3o).<\/p>\r\n\t\t\t\t<img loading=\"lazy\" decoding=\"async\" src=\"https:\/\/www.metaflotech.com\/wp-content\/uploads\/2024\/10\/icon-transport-w.png\" alt=\"\u00edcone de transporte w\" itemprop=\"image\" height=\"311\" width=\"311\" title=\"\u00edcone de transporte w\" onerror=\"this.style.display='none'\"  \/>\r\n\t<h3><b>Reduzir significativamente os custos de transporte<\/b><\/h3>\r\n\t\t\t\t<img loading=\"lazy\" decoding=\"async\" src=\"https:\/\/www.metaflotech.com\/wp-content\/uploads\/2024\/10\/icon-ecology-w.png\" alt=\"\u00edcone ecologia w\" itemprop=\"image\" height=\"311\" width=\"311\" title=\"\u00edcone ecologia w\" onerror=\"this.style.display='none'\"  \/>\r\n\t<h3><b>Minimizar os riscos ambientais e de seguran\u00e7a<\/b><\/h3>\r\n\t\t\t\t<img loading=\"lazy\" decoding=\"async\" src=\"https:\/\/www.metaflotech.com\/wp-content\/uploads\/2024\/10\/icon-savings-w.png\" alt=\"\u00edcone de economia w\" itemprop=\"image\" height=\"311\" width=\"311\" title=\"\u00edcone de economia w\" onerror=\"this.style.display='none'\"  \/>\r\n\t<h3><b>Gerenciamento de res\u00edduos sustent\u00e1vel e eficiente<\/b><\/h3>\r\n\t\t\t\t<img loading=\"lazy\" decoding=\"async\" src=\"https:\/\/www.metaflotech.com\/wp-content\/uploads\/2025\/01\/Method-PT.svg\" alt=\"M\u00e9todo-EN\" itemprop=\"image\" height=\"100\" width=\"100\" title=\"M\u00e9todo-EN\" onerror=\"this.style.display='none'\"  \/>\r\n<h1>\r\n\t\tCaminh\u00f5es basculantes vs. caminh\u00f5es a v\u00e1cuo\r\n\t<\/h1>\r\n\t\t\t\t<img loading=\"lazy\" decoding=\"async\" src=\"https:\/\/www.metaflotech.com\/wp-content\/uploads\/2024\/12\/Trucks-2.svg\" alt=\"Caminh\u00f5es - 2 PT\" itemprop=\"image\" height=\"100\" width=\"100\" title=\"Caminh\u00f5es - 2 PT\" onerror=\"this.style.display='none'\"  \/>\r\n\t\t\t\t<img loading=\"lazy\" decoding=\"async\" src=\"https:\/\/www.metaflotech.com\/wp-content\/uploads\/2024\/12\/Trucks-1.svg\" alt=\"Caminh\u00f5es - 1 PT\" itemprop=\"image\" height=\"100\" width=\"100\" title=\"Caminh\u00f5es - 1 PT\" onerror=\"this.style.display='none'\"  \/>\r\n\t<h3><strong>Nosso processo MetaFLO comprovado tem benef\u00edcios claros:<\/strong><\/h3>\r\n<ol>\r\n<li>Redu\u00e7\u00e3o da pegada operacional em locais urbanos congestionados para gerenciar rapidamente os res\u00edduos<\/li>\r\n<li>Melhoria da efici\u00eancia do transporte para remover o material seco dos locais do projeto<\/li>\r\n<li>Res\u00edduos solidificados que atendem aos crit\u00e9rios regulat\u00f3rios para irem diretamente para locais de preenchimento limpo Emiss\u00f5es mais baixas de GEE, log\u00edstica urbana aprimorada, gerenciamento respons\u00e1vel do excesso de solo<\/li>\r\n<\/ol>\r\n<h2>\r\n\t\tEstudos de caso\r\n\t<\/h2>\r\n<h3>\r\n\t\t<a href=\"https:\/\/www.metaflotech.com\/wp-content\/uploads\/2024\/12\/MF006-Case-Study-3_-Wastewater-English-MetaFLO-Technologies.pdf\" title=\"Cabonne Shire's Wastewater Project Completed on Time and Under Budget\"  target=\"_self\">\r\n\t\tCabonne Shire&#8217;s Wastewater Project Completed on Time and Under Budget\r\n\t\t<\/a>\r\n\t<\/h3>\r\n\t<p>MetaFLO&#8217;s quick lagoon sludge solidification meets EPA standards, streamlining operations and reducing disposal costs, supporting efficient municipal waste management.<\/p>","protected":false},"excerpt":{"rendered":"<p>Stormwater\/Wastewater Ponds Innovation In Stormwater And Sediment Pond Management Issue at a Glance Stormwater ponds act as filters to prevent debris from seeping into our natural water systems and positively impact erosion. However, these ponds fill with debris that settles on the bottom as sediment. It usually contains sand, silt and clay from surface erosion,&hellip;<\/p>","protected":false},"author":1,"featured_media":0,"parent":73499,"menu_order":0,"comment_status":"closed","ping_status":"closed","template":"","meta":{"_acf_changed":false,"inline_featured_image":false,"footnotes":""},"class_list":["post-99540","page","type-page","status-publish","hentry"],"acf":[],"yoast_head":"<!-- This site is optimized with the Yoast SEO plugin v27.5 - https:\/\/yoast.com\/product\/yoast-seo-wordpress\/ -->\n<title>Stormwater and Wastewater Pond Sludge Solidification Solutions | MetaFLO Technologies<\/title>\n<meta name=\"description\" content=\"MetaFLO provides solutions for stormwater and wastewater pond sludge management, enabling efficient solidification and reduced disposal volumes.\" \/>\n<meta name=\"robots\" content=\"index, follow, max-snippet:-1, max-image-preview:large, max-video-preview:-1\" \/>\n<link rel=\"canonical\" href=\"https:\/\/www.metaflotech.com\/pt\/aplicativos\/lagoas-de-aguas-residuais-de-aguas-pluviais\/\" \/>\n<meta property=\"og:locale\" content=\"pt_BR\" \/>\n<meta property=\"og:type\" content=\"article\" \/>\n<meta property=\"og:title\" content=\"Stormwater and Wastewater Pond Sludge Solidification Solutions | MetaFLO Technologies\" \/>\n<meta property=\"og:description\" content=\"MetaFLO provides solutions for stormwater and wastewater pond sludge management, enabling efficient solidification and reduced disposal volumes.\" \/>\n<meta property=\"og:url\" content=\"https:\/\/www.metaflotech.com\/pt\/aplicativos\/lagoas-de-aguas-residuais-de-aguas-pluviais\/\" \/>\n<meta property=\"og:site_name\" content=\"MetaFLO Technologies\" \/>\n<meta property=\"article:publisher\" content=\"https:\/\/www.facebook.com\/MetaFLOTechnologies\/\" \/>\n<meta property=\"article:modified_time\" content=\"2026-03-12T13:03:03+00:00\" \/>\n<meta property=\"og:image\" content=\"https:\/\/www.metaflotech.com\/wp-content\/uploads\/2024\/10\/conventionaldredge.jpg\" \/>\n<meta name=\"twitter:card\" content=\"summary_large_image\" \/>\n<meta name=\"twitter:site\" content=\"@metaflo\" \/>\n<meta name=\"twitter:label1\" content=\"Est. tempo de leitura\" \/>\n\t<meta name=\"twitter:data1\" content=\"4 minutos\" \/>\n<script type=\"application\/ld+json\" class=\"yoast-schema-graph\">{\"@context\":\"https:\\\/\\\/schema.org\",\"@graph\":[{\"@type\":\"WebPage\",\"@id\":\"https:\\\/\\\/www.metaflotech.com\\\/pt\\\/applications\\\/stormwater-wastewater-ponds\\\/\",\"url\":\"https:\\\/\\\/www.metaflotech.com\\\/pt\\\/applications\\\/stormwater-wastewater-ponds\\\/\",\"name\":\"Stormwater and Wastewater Pond Sludge Solidification Solutions | MetaFLO Technologies\",\"isPartOf\":{\"@id\":\"https:\\\/\\\/www.metaflotech.com\\\/pt\\\/#website\"},\"primaryImageOfPage\":{\"@id\":\"https:\\\/\\\/www.metaflotech.com\\\/pt\\\/applications\\\/stormwater-wastewater-ponds\\\/#primaryimage\"},\"image\":{\"@id\":\"https:\\\/\\\/www.metaflotech.com\\\/pt\\\/applications\\\/stormwater-wastewater-ponds\\\/#primaryimage\"},\"thumbnailUrl\":\"https:\\\/\\\/www.metaflotech.com\\\/wp-content\\\/uploads\\\/2024\\\/10\\\/conventionaldredge.jpg\",\"datePublished\":\"2024-10-25T10:49:23+00:00\",\"dateModified\":\"2026-03-12T13:03:03+00:00\",\"description\":\"MetaFLO provides solutions for stormwater and wastewater pond sludge management, enabling efficient solidification and reduced disposal volumes.\",\"breadcrumb\":{\"@id\":\"https:\\\/\\\/www.metaflotech.com\\\/pt\\\/applications\\\/stormwater-wastewater-ponds\\\/#breadcrumb\"},\"inLanguage\":\"pt-BR\",\"potentialAction\":[{\"@type\":\"ReadAction\",\"target\":[\"https:\\\/\\\/www.metaflotech.com\\\/pt\\\/applications\\\/stormwater-wastewater-ponds\\\/\"]}]},{\"@type\":\"ImageObject\",\"inLanguage\":\"pt-BR\",\"@id\":\"https:\\\/\\\/www.metaflotech.com\\\/pt\\\/applications\\\/stormwater-wastewater-ponds\\\/#primaryimage\",\"url\":\"https:\\\/\\\/www.metaflotech.com\\\/wp-content\\\/uploads\\\/2024\\\/10\\\/conventionaldredge.jpg\",\"contentUrl\":\"https:\\\/\\\/www.metaflotech.com\\\/wp-content\\\/uploads\\\/2024\\\/10\\\/conventionaldredge.jpg\"},{\"@type\":\"BreadcrumbList\",\"@id\":\"https:\\\/\\\/www.metaflotech.com\\\/pt\\\/applications\\\/stormwater-wastewater-ponds\\\/#breadcrumb\",\"itemListElement\":[{\"@type\":\"ListItem\",\"position\":1,\"name\":\"Home\",\"item\":\"https:\\\/\\\/www.metaflotech.com\\\/\"},{\"@type\":\"ListItem\",\"position\":2,\"name\":\"Applications\",\"item\":\"https:\\\/\\\/www.metaflotech.com\\\/applications\\\/\"},{\"@type\":\"ListItem\",\"position\":3,\"name\":\"Stormwater and Wastewater Pond Sludge Solidification Solutions\"}]},{\"@type\":\"WebSite\",\"@id\":\"https:\\\/\\\/www.metaflotech.com\\\/pt\\\/#website\",\"url\":\"https:\\\/\\\/www.metaflotech.com\\\/pt\\\/\",\"name\":\"MetaFLO Technologies\",\"description\":\"Engineered Polymer Solutions For Industrial Applications\",\"potentialAction\":[{\"@type\":\"SearchAction\",\"target\":{\"@type\":\"EntryPoint\",\"urlTemplate\":\"https:\\\/\\\/www.metaflotech.com\\\/pt\\\/?s={search_term_string}\"},\"query-input\":{\"@type\":\"PropertyValueSpecification\",\"valueRequired\":true,\"valueName\":\"search_term_string\"}}],\"inLanguage\":\"pt-BR\"}]}<\/script>\n<!-- \/ Yoast SEO plugin. -->","yoast_head_json":{"title":"Solidifica\u00e7\u00e3o de Lodo de Lagoas de ETE e ETA | MetaFLO","description":"Solu\u00e7\u00f5es para solidifica\u00e7\u00e3o r\u00e1pida de lodo de lagoas de ETE e ETA, reduzindo volumes de transporte e custos de descarte.","robots":{"index":"index","follow":"follow","max-snippet":"max-snippet:-1","max-image-preview":"max-image-preview:large","max-video-preview":"max-video-preview:-1"},"canonical":"https:\/\/www.metaflotech.com\/pt\/aplicativos\/lagoas-de-aguas-residuais-de-aguas-pluviais\/","og_locale":"pt_BR","og_type":"article","og_title":"Stormwater and Wastewater Pond Sludge Solidification Solutions | MetaFLO Technologies","og_description":"MetaFLO provides solutions for stormwater and wastewater pond sludge management, enabling efficient solidification and reduced disposal volumes.","og_url":"https:\/\/www.metaflotech.com\/pt\/aplicativos\/lagoas-de-aguas-residuais-de-aguas-pluviais\/","og_site_name":"MetaFLO Technologies","article_publisher":"https:\/\/www.facebook.com\/MetaFLOTechnologies\/","article_modified_time":"2026-03-12T13:03:03+00:00","og_image":[{"url":"https:\/\/www.metaflotech.com\/wp-content\/uploads\/2024\/10\/conventionaldredge.jpg","type":"","width":"","height":""}],"twitter_card":"summary_large_image","twitter_site":"@metaflo","twitter_misc":{"Est. tempo de leitura":"4 minutos"},"schema":{"@context":"https:\/\/schema.org","@graph":[{"@type":"WebPage","@id":"https:\/\/www.metaflotech.com\/pt\/applications\/stormwater-wastewater-ponds\/","url":"https:\/\/www.metaflotech.com\/pt\/applications\/stormwater-wastewater-ponds\/","name":"Solidifica\u00e7\u00e3o de Lodo de Lagoas de ETE e ETA | MetaFLO","isPartOf":{"@id":"https:\/\/www.metaflotech.com\/pt\/#website"},"primaryImageOfPage":{"@id":"https:\/\/www.metaflotech.com\/pt\/applications\/stormwater-wastewater-ponds\/#primaryimage"},"image":{"@id":"https:\/\/www.metaflotech.com\/pt\/applications\/stormwater-wastewater-ponds\/#primaryimage"},"thumbnailUrl":"https:\/\/www.metaflotech.com\/wp-content\/uploads\/2024\/10\/conventionaldredge.jpg","datePublished":"2024-10-25T10:49:23+00:00","dateModified":"2026-03-12T13:03:03+00:00","description":"Solu\u00e7\u00f5es para solidifica\u00e7\u00e3o r\u00e1pida de lodo de lagoas de ETE e ETA, reduzindo volumes de transporte e custos de descarte.","breadcrumb":{"@id":"https:\/\/www.metaflotech.com\/pt\/applications\/stormwater-wastewater-ponds\/#breadcrumb"},"inLanguage":"pt-BR","potentialAction":[{"@type":"ReadAction","target":["https:\/\/www.metaflotech.com\/pt\/applications\/stormwater-wastewater-ponds\/"]}]},{"@type":"ImageObject","inLanguage":"pt-BR","@id":"https:\/\/www.metaflotech.com\/pt\/applications\/stormwater-wastewater-ponds\/#primaryimage","url":"https:\/\/www.metaflotech.com\/wp-content\/uploads\/2024\/10\/conventionaldredge.jpg","contentUrl":"https:\/\/www.metaflotech.com\/wp-content\/uploads\/2024\/10\/conventionaldredge.jpg"},{"@type":"BreadcrumbList","@id":"https:\/\/www.metaflotech.com\/pt\/applications\/stormwater-wastewater-ponds\/#breadcrumb","itemListElement":[{"@type":"ListItem","position":1,"name":"Home","item":"https:\/\/www.metaflotech.com\/"},{"@type":"ListItem","position":2,"name":"Applications","item":"https:\/\/www.metaflotech.com\/applications\/"},{"@type":"ListItem","position":3,"name":"Stormwater and Wastewater Pond Sludge Solidification Solutions"}]},{"@type":"WebSite","@id":"https:\/\/www.metaflotech.com\/pt\/#website","url":"https:\/\/www.metaflotech.com\/pt\/","name":"MetaFLO Technologies","description":"Solu\u00e7\u00f5es de pol\u00edmeros projetadas para aplica\u00e7\u00f5es industriais","potentialAction":[{"@type":"SearchAction","target":{"@type":"EntryPoint","urlTemplate":"https:\/\/www.metaflotech.com\/pt\/?s={search_term_string}"},"query-input":{"@type":"PropertyValueSpecification","valueRequired":true,"valueName":"search_term_string"}}],"inLanguage":"pt-BR"}]}},"_links":{"self":[{"href":"https:\/\/www.metaflotech.com\/pt\/wp-json\/wp\/v2\/pages\/99540","targetHints":{"allow":["GET"]}}],"collection":[{"href":"https:\/\/www.metaflotech.com\/pt\/wp-json\/wp\/v2\/pages"}],"about":[{"href":"https:\/\/www.metaflotech.com\/pt\/wp-json\/wp\/v2\/types\/page"}],"author":[{"embeddable":true,"href":"https:\/\/www.metaflotech.com\/pt\/wp-json\/wp\/v2\/users\/1"}],"replies":[{"embeddable":true,"href":"https:\/\/www.metaflotech.com\/pt\/wp-json\/wp\/v2\/comments?post=99540"}],"version-history":[{"count":0,"href":"https:\/\/www.metaflotech.com\/pt\/wp-json\/wp\/v2\/pages\/99540\/revisions"}],"up":[{"embeddable":true,"href":"https:\/\/www.metaflotech.com\/pt\/wp-json\/wp\/v2\/pages\/73499"}],"wp:attachment":[{"href":"https:\/\/www.metaflotech.com\/pt\/wp-json\/wp\/v2\/media?parent=99540"}],"curies":[{"name":"wp","href":"https:\/\/api.w.org\/{rel}","templated":true}]}}